{"id":12858,"date":"2021-10-12T15:51:09","date_gmt":"2021-10-12T15:51:09","guid":{"rendered":"https:\/\/consuldecor.com\/about-us\/"},"modified":"2025-09-07T11:29:53","modified_gmt":"2025-09-07T11:29:53","slug":"about-us","status":"publish","type":"page","link":"https:\/\/consuldecor.com\/en\/about-us\/","title":{"rendered":"About Us"},"content":{"rendered":"\t\t<div data-elementor-type=\"wp-page\" data-elementor-id=\"12858\" class=\"elementor elementor-12858 elementor-4400\" data-elementor-post-type=\"page\">\n\t\t\t\t<div class=\"wd-negative-gap elementor-element elementor-element-7c7c544 e-flex e-con-boxed e-con e-parent\" data-id=\"7c7c544\" data-element_type=\"container\" data-e-type=\"container\">\n\t\t\t\t\t<div class=\"e-con-inner\">\n\t\t<div class=\"elementor-element elementor-element-e7cb5cd e-con-full e-flex e-con e-child\" data-id=\"e7cb5cd\" data-element_type=\"container\" data-e-type=\"container\">\n\t\t\t\t<div class=\"elementor-element elementor-element-56aec39 elementor-widget elementor-widget-wd_image_or_svg\" data-id=\"56aec39\" data-element_type=\"widget\" data-e-type=\"widget\" data-widget_type=\"wd_image_or_svg.default\">\n\t\t\t\t<div class=\"elementor-widget-container\">\n\t\t\t\t\t\n\t\t<div class=\"wd-image text-left\">\n\t\t\t\t\t\t\t\t<img loading=\"lazy\" decoding=\"async\" width=\"1100\" height=\"1100\" src=\"https:\/\/consuldecor.com\/wp-content\/uploads\/sobre-nosotros.jpg\" class=\"attachment-full size-full\" alt=\"\" srcset=\"https:\/\/consuldecor.com\/wp-content\/uploads\/sobre-nosotros.jpg 1100w, https:\/\/consuldecor.com\/wp-content\/uploads\/sobre-nosotros-150x150.jpg 150w, https:\/\/consuldecor.com\/wp-content\/uploads\/sobre-nosotros-768x768.jpg 768w\" sizes=\"auto, (max-width: 1100px) 100vw, 1100px\" \/>\t\t\t\t\t<\/div>\n\n\t\t\t\t\t\t<\/div>\n\t\t\t\t<\/div>\n\t\t\t\t<\/div>\n\t\t<div class=\"elementor-element elementor-element-97d6084 e-con-full e-flex e-con e-child\" data-id=\"97d6084\" data-element_type=\"container\" data-e-type=\"container\">\n\t\t\t\t<div class=\"elementor-element elementor-element-98d830b wd-width-100 elementor-widget elementor-widget-wd_title\" data-id=\"98d830b\" data-element_type=\"widget\" data-e-type=\"widget\" data-widget_type=\"wd_title.default\">\n\t\t\t\t<div class=\"elementor-widget-container\">\n\t\t\t\t\t\t\t<div class=\"title-wrapper wd-set-mb reset-last-child wd-title-color-primary wd-title-style-default wd-title-size-large text-left\">\n\n\t\t\t\n\t\t\t<div class=\"liner-continer\">\n\t\t\t\t<h4 class=\"woodmart-title-container title wd-fontsize-xxl\">About us<\/h4> \n\t\t\t\t\t\t\t<\/div>\n\n\t\t\t\t\t<\/div>\n\t\t\t\t\t\t<\/div>\n\t\t\t\t<\/div>\n\t\t\t\t<div class=\"elementor-element elementor-element-66e47ad elementor-widget elementor-widget-wd_text_block\" data-id=\"66e47ad\" data-element_type=\"widget\" data-e-type=\"widget\" data-widget_type=\"wd_text_block.default\">\n\t\t\t\t<div class=\"elementor-widget-container\">\n\t\t\t\t\t\t\t<div class=\"wd-text-block reset-last-child text-left\">\n\t\t\t\n\t\t\t<p><strong>Consul Decor<\/strong> is an agency representing leading European furniture and lighting manufacturers in Spain and Portugal.<\/p><p>We act as a vital link between leading European brands and architecture and interior design professionals throughout the Iberian Peninsula.<\/p>\n\t\t\t\t\t<\/div>\n\t\t\t\t\t\t<\/div>\n\t\t\t\t<\/div>\n\t\t\t\t<\/div>\n\t\t\t\t\t<\/div>\n\t\t\t\t<\/div>\n\t\t<div class=\"wd-negative-gap elementor-element elementor-element-8481c26 e-flex e-con-boxed e-con e-parent\" data-id=\"8481c26\" data-element_type=\"container\" data-e-type=\"container\">\n\t\t\t\t\t<div class=\"e-con-inner\">\n\t\t\t\t<div class=\"elementor-element elementor-element-d66a211 wd-width-100 elementor-widget elementor-widget-wd_title\" data-id=\"d66a211\" data-element_type=\"widget\" data-e-type=\"widget\" data-widget_type=\"wd_title.default\">\n\t\t\t\t<div class=\"elementor-widget-container\">\n\t\t\t\t\t\t\t<div class=\"title-wrapper wd-set-mb reset-last-child wd-title-color-primary wd-title-style-default wd-title-size-large text-center\">\n\n\t\t\t\n\t\t\t<div class=\"liner-continer\">\n\t\t\t\t<h4 class=\"woodmart-title-container title wd-fontsize-xxl\">Our services<\/h4> \n\t\t\t\t\t\t\t<\/div>\n\n\t\t\t\t\t<\/div>\n\t\t\t\t\t\t<\/div>\n\t\t\t\t<\/div>\n\t\t\t\t\t<\/div>\n\t\t\t\t<\/div>\n\t\t<div class=\"wd-negative-gap elementor-element elementor-element-d2407a3 e-flex e-con-boxed e-con e-parent\" data-id=\"d2407a3\" data-element_type=\"container\" data-e-type=\"container\">\n\t\t\t\t\t<div class=\"e-con-inner\">\n\t\t<div class=\"elementor-element elementor-element-231a5fc e-con-full e-flex e-con e-child\" data-id=\"231a5fc\" data-element_type=\"container\" data-e-type=\"container\">\n\t\t\t\t<div class=\"elementor-element elementor-element-ede99bb elementor-widget elementor-widget-wd_infobox\" data-id=\"ede99bb\" data-element_type=\"widget\" data-e-type=\"widget\" data-widget_type=\"wd_infobox.default\">\n\t\t\t\t<div class=\"elementor-widget-container\">\n\t\t\t\t\t\t\t<div class=\"info-box-wrapper\">\n\t\t\t<div class=\"wd-info-box text-center box-icon-align-top box-style-base color-scheme-\">\n\t\t\t\t\n\t\t\t\t<div class=\"info-box-content\">\n\t\t\t\t\t\n\t\t\t\t\t\t\t\t\t\t\t<h4\t\t\t\t\t\tclass=\"info-box-title title box-title-style-default wd-fontsize-s\" data-elementor-setting-key=\"title\">\n\t\t\t\t\t\t\t\tDirect communication advice with manufacturers:\t\t\t\t\t\t<\/h4>\n\t\t\t\t\t\n\t\t\t\t\t<div class=\"info-box-inner reset-last-child\"data-elementor-setting-key=\"content\"><p>We facilitate interaction between our customers and manufacturers, ensuring smooth and effective communication.<\/p>\n<\/div>\n\n\t\t\t\t\t\t\t\t\t<\/div>\n\n\t\t\t\t\t\t\t\t\t<a href=\"#\" class=\"wd-info-box-link wd-fill\" aria-label=\"Infobox link\"><\/a>\n\t\t\t\t\t\t\t<\/div>\n\t\t<\/div>\n\t\t\t\t\t\t<\/div>\n\t\t\t\t<\/div>\n\t\t\t\t<\/div>\n\t\t<div class=\"elementor-element elementor-element-4626343 e-con-full e-flex e-con e-child\" data-id=\"4626343\" data-element_type=\"container\" data-e-type=\"container\">\n\t\t\t\t<div class=\"elementor-element elementor-element-b1b05f8 elementor-widget elementor-widget-wd_infobox\" data-id=\"b1b05f8\" data-element_type=\"widget\" data-e-type=\"widget\" data-widget_type=\"wd_infobox.default\">\n\t\t\t\t<div class=\"elementor-widget-container\">\n\t\t\t\t\t\t\t<div class=\"info-box-wrapper\">\n\t\t\t<div class=\"wd-info-box text-center box-icon-align-top box-style-base color-scheme-\">\n\t\t\t\t\n\t\t\t\t<div class=\"info-box-content\">\n\t\t\t\t\t\n\t\t\t\t\t\t\t\t\t\t\t<h4\t\t\t\t\t\tclass=\"info-box-title title box-title-style-default wd-fontsize-s\" data-elementor-setting-key=\"title\">\n\t\t\t\t\t\t\t\tProviding catalogues and material samples:\t\t\t\t\t\t<\/h4>\n\t\t\t\t\t\n\t\t\t\t\t<div class=\"info-box-inner reset-last-child\"data-elementor-setting-key=\"content\"><p>We provide our customers with up-to-date catalogues and material samples so that they can make informed decisions.<\/p>\n<\/div>\n\n\t\t\t\t\t\t\t\t\t<\/div>\n\n\t\t\t\t\t\t\t\t\t<a href=\"#\" class=\"wd-info-box-link wd-fill\" aria-label=\"Infobox link\"><\/a>\n\t\t\t\t\t\t\t<\/div>\n\t\t<\/div>\n\t\t\t\t\t\t<\/div>\n\t\t\t\t<\/div>\n\t\t\t\t<\/div>\n\t\t<div class=\"elementor-element elementor-element-51f9b99 e-con-full e-flex e-con e-child\" data-id=\"51f9b99\" data-element_type=\"container\" data-e-type=\"container\">\n\t\t\t\t<div class=\"elementor-element elementor-element-bc41443 elementor-widget elementor-widget-wd_infobox\" data-id=\"bc41443\" data-element_type=\"widget\" data-e-type=\"widget\" data-widget_type=\"wd_infobox.default\">\n\t\t\t\t<div class=\"elementor-widget-container\">\n\t\t\t\t\t\t\t<div class=\"info-box-wrapper\">\n\t\t\t<div class=\"wd-info-box text-center box-icon-align-top box-style-base color-scheme-\">\n\t\t\t\t\n\t\t\t\t<div class=\"info-box-content\">\n\t\t\t\t\t\n\t\t\t\t\t\t\t\t\t\t\t<h4\t\t\t\t\t\tclass=\"info-box-title title box-title-style-default wd-fontsize-s\" data-elementor-setting-key=\"title\">\n\t\t\t\t\t\t\t\tSelection of furniture, lighting and other materials for your projects: \t\t\t\t\t\t<\/h4>\n\t\t\t\t\t\n\t\t\t\t\t<div class=\"info-box-inner reset-last-child\"data-elementor-setting-key=\"content\"><p>We assist in selecting the best products to suit the needs and aesthetics of each project.<\/p>\n<\/div>\n\n\t\t\t\t\t\t\t\t\t<\/div>\n\n\t\t\t\t\t\t\t\t\t<a href=\"#\" class=\"wd-info-box-link wd-fill\" aria-label=\"Infobox link\"><\/a>\n\t\t\t\t\t\t\t<\/div>\n\t\t<\/div>\n\t\t\t\t\t\t<\/div>\n\t\t\t\t<\/div>\n\t\t\t\t<\/div>\n\t\t<div class=\"elementor-element elementor-element-3cdb1f3 e-con-full e-flex e-con e-child\" data-id=\"3cdb1f3\" data-element_type=\"container\" data-e-type=\"container\">\n\t\t\t\t<div class=\"elementor-element elementor-element-132cfbc elementor-widget elementor-widget-wd_infobox\" data-id=\"132cfbc\" data-element_type=\"widget\" data-e-type=\"widget\" data-widget_type=\"wd_infobox.default\">\n\t\t\t\t<div class=\"elementor-widget-container\">\n\t\t\t\t\t\t\t<div class=\"info-box-wrapper\">\n\t\t\t<div class=\"wd-info-box text-center box-icon-align-top box-style-base color-scheme-\">\n\t\t\t\t\n\t\t\t\t<div class=\"info-box-content\">\n\t\t\t\t\t\n\t\t\t\t\t\t\t\t\t\t\t<h4\t\t\t\t\t\tclass=\"info-box-title title box-title-style-default wd-fontsize-s\" data-elementor-setting-key=\"title\">\n\t\t\t\t\t\t\t\tAdvice on furniture budgets:\t\t\t\t\t\t<\/h4>\n\t\t\t\t\t\n\t\t\t\t\t<div class=\"info-box-inner reset-last-child\"data-elementor-setting-key=\"content\"><p>We offer guidance on optimising furniture budgets, ensuring an optimal balance between quality and cost-effectiveness.<\/p>\n<\/div>\n\n\t\t\t\t\t\t\t\t\t<\/div>\n\n\t\t\t\t\t\t\t\t\t<a href=\"#\" class=\"wd-info-box-link wd-fill\" aria-label=\"Infobox link\"><\/a>\n\t\t\t\t\t\t\t<\/div>\n\t\t<\/div>\n\t\t\t\t\t\t<\/div>\n\t\t\t\t<\/div>\n\t\t\t\t<\/div>\n\t\t<div class=\"elementor-element elementor-element-53c5fb1 e-con-full e-flex e-con e-child\" data-id=\"53c5fb1\" data-element_type=\"container\" data-e-type=\"container\">\n\t\t\t\t<div class=\"elementor-element elementor-element-741913f elementor-widget elementor-widget-wd_infobox\" data-id=\"741913f\" data-element_type=\"widget\" data-e-type=\"widget\" data-widget_type=\"wd_infobox.default\">\n\t\t\t\t<div class=\"elementor-widget-container\">\n\t\t\t\t\t\t\t<div class=\"info-box-wrapper\">\n\t\t\t<div class=\"wd-info-box text-center box-icon-align-top box-style-base color-scheme-\">\n\t\t\t\t\n\t\t\t\t<div class=\"info-box-content\">\n\t\t\t\t\t\n\t\t\t\t\t\t\t\t\t\t\t<h4\t\t\t\t\t\tclass=\"info-box-title title box-title-style-default wd-fontsize-s\" data-elementor-setting-key=\"title\">\n\t\t\t\t\t\t\t\tTransportation and furniture assembly organisation:\t\t\t\t\t\t<\/h4>\n\t\t\t\t\t\n\t\t\t\t\t<div class=\"info-box-inner reset-last-child\"data-elementor-setting-key=\"content\"><p><span style=\"font-weight: 400;\">We coordinate the transport and assembly of the furniture, ensuring that everything arrives in perfect condition and is installed properly.<\/span><\/p>\n<\/div>\n\n\t\t\t\t\t\t\t\t\t<\/div>\n\n\t\t\t\t\t\t\t\t\t<a href=\"#\" class=\"wd-info-box-link wd-fill\" aria-label=\"Infobox link\"><\/a>\n\t\t\t\t\t\t\t<\/div>\n\t\t<\/div>\n\t\t\t\t\t\t<\/div>\n\t\t\t\t<\/div>\n\t\t\t\t<\/div>\n\t\t<div class=\"elementor-element elementor-element-82ca404 e-con-full e-flex e-con e-child\" data-id=\"82ca404\" data-element_type=\"container\" data-e-type=\"container\">\n\t\t\t\t<div class=\"elementor-element elementor-element-812c913 elementor-widget elementor-widget-wd_infobox\" data-id=\"812c913\" data-element_type=\"widget\" data-e-type=\"widget\" data-widget_type=\"wd_infobox.default\">\n\t\t\t\t<div class=\"elementor-widget-container\">\n\t\t\t\t\t\t\t<div class=\"info-box-wrapper\">\n\t\t\t<div class=\"wd-info-box text-center box-icon-align-top box-style-base color-scheme-\">\n\t\t\t\t\n\t\t\t\t<div class=\"info-box-content\">\n\t\t\t\t\t\n\t\t\t\t\t\t\t\t\t\t\t<h4\t\t\t\t\t\tclass=\"info-box-title title box-title-style-default wd-fontsize-s\" data-elementor-setting-key=\"title\">\n\t\t\t\t\t\t\t\tSearch for factories for custom projects: \t\t\t\t\t\t<\/h4>\n\t\t\t\t\t\n\t\t\t\t\t<div class=\"info-box-inner reset-last-child\"data-elementor-setting-key=\"content\"><p>We help you find manufacturers capable of fulfilling special orders based on individual plans and requirements.<\/p>\n<\/div>\n\n\t\t\t\t\t\t\t\t\t<\/div>\n\n\t\t\t\t\t\t\t\t\t<a href=\"#\" class=\"wd-info-box-link wd-fill\" aria-label=\"Infobox link\"><\/a>\n\t\t\t\t\t\t\t<\/div>\n\t\t<\/div>\n\t\t\t\t\t\t<\/div>\n\t\t\t\t<\/div>\n\t\t\t\t<\/div>\n\t\t\t\t\t<\/div>\n\t\t\t\t<\/div>\n\t\t\t\t<\/div>\n\t\t","protected":false},"excerpt":{"rendered":"<p>About us Consul Decor is an agency representing leading European furniture and lighting manufacturers in Spain and Portugal. We act<\/p>\n","protected":false},"author":1,"featured_media":0,"parent":0,"menu_order":0,"comment_status":"closed","ping_status":"closed","template":"","meta":{"_acf_changed":false,"footnotes":""},"class_list":["post-12858","page","type-page","status-publish","hentry"],"acf":[],"yoast_head":"<!-- This site is optimized with the Yoast SEO plugin v27.4 - https:\/\/yoast.com\/product\/yoast-seo-wordpress\/ -->\n<title>About Us | Consul Decor \u2013 Connecting Design with Production<\/title>\n<meta name=\"description\" content=\"Consul Decor is the agency that connects architects and interior designers with European furniture and lighting manufacturers in the Iberian Peninsula. Trust, design, and professionalism.\" \/>\n<meta name=\"robots\" content=\"index, follow, max-snippet:-1, max-image-preview:large, max-video-preview:-1\" \/>\n<link rel=\"canonical\" href=\"https:\/\/consuldecor.com\/en\/about-us\/\" \/>\n<meta property=\"og:locale\" content=\"en_US\" \/>\n<meta property=\"og:type\" content=\"article\" \/>\n<meta property=\"og:title\" content=\"About Us | Consul Decor \u2013 Connecting Design with Production\" \/>\n<meta property=\"og:description\" content=\"Consul Decor is the agency that connects architects and interior designers with European furniture and lighting manufacturers in the Iberian Peninsula. Trust, design, and professionalism.\" \/>\n<meta property=\"og:url\" content=\"https:\/\/consuldecor.com\/en\/about-us\/\" \/>\n<meta property=\"og:site_name\" content=\"Consul Decor\" \/>\n<meta property=\"article:modified_time\" content=\"2025-09-07T11:29:53+00:00\" \/>\n<meta property=\"og:image\" content=\"https:\/\/consuldecor.com\/wp-content\/uploads\/sobre-nosotros.jpg\" \/>\n<meta name=\"twitter:card\" content=\"summary_large_image\" \/>\n<meta name=\"twitter:label1\" content=\"Est. reading time\" \/>\n\t<meta name=\"twitter:data1\" content=\"1 minute\" \/>\n<script type=\"application\/ld+json\" class=\"yoast-schema-graph\">{\"@context\":\"https:\\\/\\\/schema.org\",\"@graph\":[{\"@type\":\"WebPage\",\"@id\":\"https:\\\/\\\/consuldecor.com\\\/en\\\/about-us\\\/\",\"url\":\"https:\\\/\\\/consuldecor.com\\\/en\\\/about-us\\\/\",\"name\":\"About Us | Consul Decor \u2013 Connecting Design with Production\",\"isPartOf\":{\"@id\":\"https:\\\/\\\/consuldecor.com\\\/en\\\/#website\"},\"primaryImageOfPage\":{\"@id\":\"https:\\\/\\\/consuldecor.com\\\/en\\\/about-us\\\/#primaryimage\"},\"image\":{\"@id\":\"https:\\\/\\\/consuldecor.com\\\/en\\\/about-us\\\/#primaryimage\"},\"thumbnailUrl\":\"https:\\\/\\\/consuldecor.com\\\/wp-content\\\/uploads\\\/sobre-nosotros.jpg\",\"datePublished\":\"2021-10-12T15:51:09+00:00\",\"dateModified\":\"2025-09-07T11:29:53+00:00\",\"description\":\"Consul Decor is the agency that connects architects and interior designers with European furniture and lighting manufacturers in the Iberian Peninsula. Trust, design, and professionalism.\",\"breadcrumb\":{\"@id\":\"https:\\\/\\\/consuldecor.com\\\/en\\\/about-us\\\/#breadcrumb\"},\"inLanguage\":\"en-US\",\"potentialAction\":[{\"@type\":\"ReadAction\",\"target\":[\"https:\\\/\\\/consuldecor.com\\\/en\\\/about-us\\\/\"]}]},{\"@type\":\"ImageObject\",\"inLanguage\":\"en-US\",\"@id\":\"https:\\\/\\\/consuldecor.com\\\/en\\\/about-us\\\/#primaryimage\",\"url\":\"https:\\\/\\\/consuldecor.com\\\/wp-content\\\/uploads\\\/sobre-nosotros.jpg\",\"contentUrl\":\"https:\\\/\\\/consuldecor.com\\\/wp-content\\\/uploads\\\/sobre-nosotros.jpg\"},{\"@type\":\"BreadcrumbList\",\"@id\":\"https:\\\/\\\/consuldecor.com\\\/en\\\/about-us\\\/#breadcrumb\",\"itemListElement\":[{\"@type\":\"ListItem\",\"position\":1,\"name\":\"Portada\",\"item\":\"https:\\\/\\\/consuldecor.com\\\/en\\\/\"},{\"@type\":\"ListItem\",\"position\":2,\"name\":\"About Us\"}]},{\"@type\":\"WebSite\",\"@id\":\"https:\\\/\\\/consuldecor.com\\\/en\\\/#website\",\"url\":\"https:\\\/\\\/consuldecor.com\\\/en\\\/\",\"name\":\"Consul Decor\",\"description\":\"Agencia de representaci\u00f3n de diversas f\u00e1bricas italianas de muebles e iluminaci\u00f3n en la Pen\u00ednsula Ib\u00e9rica. Trabajamos para que los profesionales en el \u00e1mbito del dise\u00f1o y la arquitectura puedan crear proyectos de interiorismo de manera f\u00e1cil y c\u00f3moda, llenando el mundo con muebles y luminarias hermosos y de alta calidad.\",\"publisher\":{\"@id\":\"https:\\\/\\\/consuldecor.com\\\/en\\\/#organization\"},\"potentialAction\":[{\"@type\":\"SearchAction\",\"target\":{\"@type\":\"EntryPoint\",\"urlTemplate\":\"https:\\\/\\\/consuldecor.com\\\/en\\\/?s={search_term_string}\"},\"query-input\":{\"@type\":\"PropertyValueSpecification\",\"valueRequired\":true,\"valueName\":\"search_term_string\"}}],\"inLanguage\":\"en-US\"},{\"@type\":\"Organization\",\"@id\":\"https:\\\/\\\/consuldecor.com\\\/en\\\/#organization\",\"name\":\"Consul Decor\",\"url\":\"https:\\\/\\\/consuldecor.com\\\/en\\\/\",\"logo\":{\"@type\":\"ImageObject\",\"inLanguage\":\"en-US\",\"@id\":\"https:\\\/\\\/consuldecor.com\\\/en\\\/#\\\/schema\\\/logo\\\/image\\\/\",\"url\":\"https:\\\/\\\/consuldecor.com\\\/wp-content\\\/uploads\\\/2025\\\/05\\\/CD_logo_vert.png\",\"contentUrl\":\"https:\\\/\\\/consuldecor.com\\\/wp-content\\\/uploads\\\/2025\\\/05\\\/CD_logo_vert.png\",\"width\":1200,\"height\":573,\"caption\":\"Consul Decor\"},\"image\":{\"@id\":\"https:\\\/\\\/consuldecor.com\\\/en\\\/#\\\/schema\\\/logo\\\/image\\\/\"},\"sameAs\":[\"https:\\\/\\\/www.instagram.com\\\/consuldecor\",\"https:\\\/\\\/www.linkedin.com\\\/company\\\/consul-decor\\\/\"]}]}<\/script>\n<!-- \/ Yoast SEO plugin. -->","yoast_head_json":{"title":"About Us | Consul Decor \u2013 Connecting Design with Production","description":"Consul Decor is the agency that connects architects and interior designers with European furniture and lighting manufacturers in the Iberian Peninsula. Trust, design, and professionalism.","robots":{"index":"index","follow":"follow","max-snippet":"max-snippet:-1","max-image-preview":"max-image-preview:large","max-video-preview":"max-video-preview:-1"},"canonical":"https:\/\/consuldecor.com\/en\/about-us\/","og_locale":"en_US","og_type":"article","og_title":"About Us | Consul Decor \u2013 Connecting Design with Production","og_description":"Consul Decor is the agency that connects architects and interior designers with European furniture and lighting manufacturers in the Iberian Peninsula. Trust, design, and professionalism.","og_url":"https:\/\/consuldecor.com\/en\/about-us\/","og_site_name":"Consul Decor","article_modified_time":"2025-09-07T11:29:53+00:00","og_image":[{"url":"https:\/\/consuldecor.com\/wp-content\/uploads\/sobre-nosotros.jpg","type":"","width":"","height":""}],"twitter_card":"summary_large_image","twitter_misc":{"Est. reading time":"1 minute"},"schema":{"@context":"https:\/\/schema.org","@graph":[{"@type":"WebPage","@id":"https:\/\/consuldecor.com\/en\/about-us\/","url":"https:\/\/consuldecor.com\/en\/about-us\/","name":"About Us | Consul Decor \u2013 Connecting Design with Production","isPartOf":{"@id":"https:\/\/consuldecor.com\/en\/#website"},"primaryImageOfPage":{"@id":"https:\/\/consuldecor.com\/en\/about-us\/#primaryimage"},"image":{"@id":"https:\/\/consuldecor.com\/en\/about-us\/#primaryimage"},"thumbnailUrl":"https:\/\/consuldecor.com\/wp-content\/uploads\/sobre-nosotros.jpg","datePublished":"2021-10-12T15:51:09+00:00","dateModified":"2025-09-07T11:29:53+00:00","description":"Consul Decor is the agency that connects architects and interior designers with European furniture and lighting manufacturers in the Iberian Peninsula. Trust, design, and professionalism.","breadcrumb":{"@id":"https:\/\/consuldecor.com\/en\/about-us\/#breadcrumb"},"inLanguage":"en-US","potentialAction":[{"@type":"ReadAction","target":["https:\/\/consuldecor.com\/en\/about-us\/"]}]},{"@type":"ImageObject","inLanguage":"en-US","@id":"https:\/\/consuldecor.com\/en\/about-us\/#primaryimage","url":"https:\/\/consuldecor.com\/wp-content\/uploads\/sobre-nosotros.jpg","contentUrl":"https:\/\/consuldecor.com\/wp-content\/uploads\/sobre-nosotros.jpg"},{"@type":"BreadcrumbList","@id":"https:\/\/consuldecor.com\/en\/about-us\/#breadcrumb","itemListElement":[{"@type":"ListItem","position":1,"name":"Portada","item":"https:\/\/consuldecor.com\/en\/"},{"@type":"ListItem","position":2,"name":"About Us"}]},{"@type":"WebSite","@id":"https:\/\/consuldecor.com\/en\/#website","url":"https:\/\/consuldecor.com\/en\/","name":"Consul Decor","description":"Agencia de representaci\u00f3n de diversas f\u00e1bricas italianas de muebles e iluminaci\u00f3n en la Pen\u00ednsula Ib\u00e9rica. Trabajamos para que los profesionales en el \u00e1mbito del dise\u00f1o y la arquitectura puedan crear proyectos de interiorismo de manera f\u00e1cil y c\u00f3moda, llenando el mundo con muebles y luminarias hermosos y de alta calidad.","publisher":{"@id":"https:\/\/consuldecor.com\/en\/#organization"},"potentialAction":[{"@type":"SearchAction","target":{"@type":"EntryPoint","urlTemplate":"https:\/\/consuldecor.com\/en\/?s={search_term_string}"},"query-input":{"@type":"PropertyValueSpecification","valueRequired":true,"valueName":"search_term_string"}}],"inLanguage":"en-US"},{"@type":"Organization","@id":"https:\/\/consuldecor.com\/en\/#organization","name":"Consul Decor","url":"https:\/\/consuldecor.com\/en\/","logo":{"@type":"ImageObject","inLanguage":"en-US","@id":"https:\/\/consuldecor.com\/en\/#\/schema\/logo\/image\/","url":"https:\/\/consuldecor.com\/wp-content\/uploads\/2025\/05\/CD_logo_vert.png","contentUrl":"https:\/\/consuldecor.com\/wp-content\/uploads\/2025\/05\/CD_logo_vert.png","width":1200,"height":573,"caption":"Consul Decor"},"image":{"@id":"https:\/\/consuldecor.com\/en\/#\/schema\/logo\/image\/"},"sameAs":["https:\/\/www.instagram.com\/consuldecor","https:\/\/www.linkedin.com\/company\/consul-decor\/"]}]}},"_links":{"self":[{"href":"https:\/\/consuldecor.com\/en\/wp-json\/wp\/v2\/pages\/12858","targetHints":{"allow":["GET"]}}],"collection":[{"href":"https:\/\/consuldecor.com\/en\/wp-json\/wp\/v2\/pages"}],"about":[{"href":"https:\/\/consuldecor.com\/en\/wp-json\/wp\/v2\/types\/page"}],"author":[{"embeddable":true,"href":"https:\/\/consuldecor.com\/en\/wp-json\/wp\/v2\/users\/1"}],"replies":[{"embeddable":true,"href":"https:\/\/consuldecor.com\/en\/wp-json\/wp\/v2\/comments?post=12858"}],"version-history":[{"count":3,"href":"https:\/\/consuldecor.com\/en\/wp-json\/wp\/v2\/pages\/12858\/revisions"}],"predecessor-version":[{"id":13143,"href":"https:\/\/consuldecor.com\/en\/wp-json\/wp\/v2\/pages\/12858\/revisions\/13143"}],"wp:attachment":[{"href":"https:\/\/consuldecor.com\/en\/wp-json\/wp\/v2\/media?parent=12858"}],"curies":[{"name":"wp","href":"https:\/\/api.w.org\/{rel}","templated":true}]}}